{"id":2371,"date":"2023-04-27T18:40:41","date_gmt":"2023-04-27T22:40:41","guid":{"rendered":"https:\/\/www.diezdemedinaphotography.com\/?page_id=2371"},"modified":"2023-05-05T10:30:43","modified_gmt":"2023-05-05T14:30:43","slug":"estudio-y-equipos","status":"publish","type":"page","link":"https:\/\/www.diezdemedinaphotography.com\/en\/estudio-y-equipos\/","title":{"rendered":"Studio and equipment"},"content":{"rendered":"<p>[et_pb_section fb_built=\u00bb1&#8243; custom_padding_last_edited=\u00bbon|desktop\u00bb module_id=\u00bbovSlideshow\u00bb _builder_version=\u00bb4.20.4&#8243; _module_preset=\u00bbdefault\u00bb background_color=\u00bb#0A0A0A\u00bb height=\u00bb100vh\u00bb height_tablet=\u00bb100vh\u00bb height_phone=\u00bb93vh\u00bb height_last_edited=\u00bbon|phone\u00bb custom_padding_tablet=\u00bb\u00bb custom_padding_phone=\u00bb\u00bb locked=\u00bboff\u00bb global_colors_info=\u00bb{}\u00bb][et_pb_row custom_padding_last_edited=\u00bbon|phone\u00bb _builder_version=\u00bb4.20.4&#8243; _module_preset=\u00bbdefault\u00bb positioning=\u00bbabsolute\u00bb position_origin_a=\u00bbcenter_center\u00bb horizontal_offset=\u00bb-86px\u00bb width=\u00bb90%\u00bb width_tablet=\u00bb90%\u00bb width_phone=\u00bb90%\u00bb width_last_edited=\u00bbon|phone\u00bb max_width=\u00bb100%\u00bb max_width_tablet=\u00bb100%\u00bb max_width_phone=\u00bb100%\u00bb max_width_last_edited=\u00bbon|phone\u00bb custom_padding_tablet=\u00bb\u00bb custom_padding_phone=\u00bb\u00bb global_colors_info=\u00bb{}\u00bb horizontal_offset__hover_enabled=\u00bbon|desktop\u00bb horizontal_offset__hover=\u00bb-86px\u00bb][et_pb_column type=\u00bb4_4&#8243; _builder_version=\u00bb4.20.4&#8243; _module_preset=\u00bbdefault\u00bb global_colors_info=\u00bb{}\u00bb][et_pb_text _builder_version=\u00bb4.20.4&#8243; _module_preset=\u00bbdefault\u00bb header_font=\u00bb|||on|||||\u00bb header_text_align=\u00bbcenter\u00bb header_text_color=\u00bb#FFFFFF\u00bb header_font_size=\u00bb11vw\u00bb header_line_height=\u00bb0.8em\u00bb header_font_size_tablet=\u00bb11vw\u00bb header_font_size_phone=\u00bb11vw\u00bb header_font_size_last_edited=\u00bbon|tablet\u00bb header_text_shadow_style=\u00bbpreset3&#8243; header_text_shadow_color=\u00bb#3D3D3D\u00bb global_colors_info=\u00bb{}\u00bb]<\/p>\n<h1>estudio y equipos<\/h1>\n<p>[\/et_pb_text][et_pb_image src=\u00bbhttps:\/\/www.diezdemedinaphotography.com\/wp-content\/uploads\/2023\/04\/fotografia-publicitaria-e1681862418759.png\u00bb alt=\u00bbfotografia publicitaria\u00bb title_text=\u00bbfotografia-publicitaria\u00bb align=\u00bbcenter\u00bb _builder_version=\u00bb4.21.0&#8243; _module_preset=\u00bbdefault\u00bb height=\u00bb110px\u00bb height_tablet=\u00bb110px\u00bb height_phone=\u00bb70px\u00bb height_last_edited=\u00bbon|desktop\u00bb locked=\u00bboff\u00bb global_colors_info=\u00bb{}\u00bb][\/et_pb_image][et_pb_code _builder_version=\u00bb4.21.0&#8243; _module_preset=\u00bbdefault\u00bb hover_enabled=\u00bb0&#8243; global_colors_info=\u00bb{}\u00bb sticky_enabled=\u00bb0&#8243;]<link rel=\"stylesheet\" href=\"https:\/\/jaysalvat.github.io\/vegas\/releases\/latest\/vegas.min.css\"><!-- [et_pb_line_break_holder] --><script src=\"https:\/\/jaysalvat.github.io\/vegas\/releases\/latest\/vegas.js\"><\/script><!-- [et_pb_line_break_holder] --><!-- [et_pb_line_break_holder] --><script><!-- [et_pb_line_break_holder] -->jQuery(document).ready(function($){<!-- [et_pb_line_break_holder] -->$(\"#ovSlideshow\").vegas({<!-- [et_pb_line_break_holder] -->  overlay: false,<!-- [et_pb_line_break_holder] -->  transition: 'slideLeft2',<!-- [et_pb_line_break_holder] -->  transitionDuration: 4000,<!-- [et_pb_line_break_holder] -->  delay: 10000,<!-- [et_pb_line_break_holder] -->  animation: 'random',<!-- [et_pb_line_break_holder] -->  animationDuration: 20000,<!-- [et_pb_line_break_holder] -->  slides: [<!-- [et_pb_line_break_holder] -->        { src: \"https:\/\/www.diezdemedinaphotography.com\/wp-content\/uploads\/2023\/04\/estudio-y-equipo-1-scaled.jpg\" },<!-- [et_pb_line_break_holder] -->        { src: \"https:\/\/www.diezdemedinaphotography.com\/wp-content\/uploads\/2023\/04\/estudio-y-equipo3-scaled.jpg\" },<!-- [et_pb_line_break_holder] -->    ]<!-- [et_pb_line_break_holder] -->});<!-- [et_pb_line_break_holder] -->});<!-- [et_pb_line_break_holder] --><\/script>[\/et_pb_code][\/et_pb_column][\/et_pb_row][\/et_pb_section][et_pb_section fb_built=\u00bb1&#8243; _builder_version=\u00bb4.20.4&#8243; _module_preset=\u00bbdefault\u00bb background_color=\u00bbrgba(10,10,10,0.94)\u00bb global_colors_info=\u00bb{}\u00bb][et_pb_row _builder_version=\u00bb4.20.4&#8243; _module_preset=\u00bbdefault\u00bb global_colors_info=\u00bb{}\u00bb][et_pb_column type=\u00bb4_4&#8243; _builder_version=\u00bb4.20.4&#8243; _module_preset=\u00bbdefault\u00bb global_colors_info=\u00bb{}\u00bb][et_pb_text _builder_version=\u00bb4.20.4&#8243; _module_preset=\u00bbdefault\u00bb text_text_color=\u00bb#FFFFFF\u00bb text_font_size=\u00bb18px\u00bb text_orientation_tablet=\u00bb\u00bb text_orientation_phone=\u00bbleft\u00bb text_orientation_last_edited=\u00bbon|phone\u00bb global_colors_info=\u00bb{}\u00bb]<\/p>\n<p>DIEZ DE MEDINA FOTOGRAFIA, cuenta con dos estudios fotogr\u00e1ficos, uno en la ciudad de Cochabamba y otro en Santa Cruz. Ambos muy completos bien equipados en cuanto a luces de estudio, diversos accesorios de iluminaci\u00f3n para poder cumplir con las exigencias del mercado, estando siempre listo para poder cumplir y realizar excelentes fotograf\u00edas en cualquier tipo de situaci\u00f3n. Es importante mencionar que trabajo con las mejores y m\u00e1s destacadas marcas de equipos de Fotograf\u00eda profesional como ser:<\/p>\n<p>[\/et_pb_text][et_pb_text _builder_version=\u00bb4.20.4&#8243; _module_preset=\u00bbdefault\u00bb text_text_color=\u00bb#FFFFFF\u00bb text_font_size=\u00bb18px\u00bb global_colors_info=\u00bb{}\u00bb]<\/p>\n<p><strong>HASSELBLAD.-<\/strong> Es una c\u00e1mara Fotogr\u00e1fica Digital l\u00edder a nivel mundial, origen Alem\u00e1n, con m\u00e1s de 50 a\u00f1os de existencia en el mercado. Es una c\u00e1mara de formato medio de 31 mega pixels, capaz de realizar fotograf\u00edas de alt\u00edsima calidad de resoluci\u00f3n, definici\u00f3n y colores naturales reales. Permitiendo tener impresiones gigantes a una calidad insuperable en el mercado. (VER PARA CREER)<\/p>\n<p>[\/et_pb_text][et_pb_text _builder_version=\u00bb4.20.4&#8243; _module_preset=\u00bbdefault\u00bb text_text_color=\u00bb#FFFFFF\u00bb text_font_size=\u00bb18px\u00bb global_colors_info=\u00bb{}\u00bb]<\/p>\n<p><strong>ELINCHROM.-<\/strong> Es una de las marcas mas prestigiosas del mundo en cuanto a equipos de iluminaci\u00f3n de estudio. ELINCHROM es una marca SUIZA, con m\u00e1s de 40 a\u00f1os en el mercado de la iluminaci\u00f3n de estudio para Fotograf\u00eda.<\/p>\n<p>[\/et_pb_text][\/et_pb_column][\/et_pb_row][et_pb_row _builder_version=\u00bb4.20.4&#8243; _module_preset=\u00bbdefault\u00bb width=\u00bb90%\u00bb max_width=\u00bb100%\u00bb locked=\u00bboff\u00bb global_colors_info=\u00bb{}\u00bb][et_pb_column type=\u00bb4_4&#8243; _builder_version=\u00bb4.20.4&#8243; _module_preset=\u00bbdefault\u00bb global_colors_info=\u00bb{}\u00bb][el_masonry_gallery image_ids=\u00bb2388,2389,2390,2391,2392,2393,2394,2395,2396,2397&#8243; number_of_columns=\u00bb5&#8243; image_size=\u00bbfull\u00bb enable_lightbox=\u00bbon\u00bb show_pagination=\u00bbon\u00bb images_per_page=\u00bb20&#8243; show_prev_next=\u00bbon\u00bb next_text=\u00bbSiguiente\u00bb prev_text=\u00bbAtr\u00e1s\u00bb pagination_link_color=\u00bb#FFFFFF\u00bb active_pagination_link_background_color=\u00bb#0A0A0A\u00bb number_of_columns_tablet=\u00bb3&#8243; number_of_columns_phone=\u00bb2&#8243; number_of_columns_last_edited=\u00bbon|phone\u00bb _builder_version=\u00bb4.20.4&#8243; _module_preset=\u00bbdefault\u00bb pagination_link_font=\u00bbTeko|700|||||||\u00bb pagination_link_font_size=\u00bb20px\u00bb global_colors_info=\u00bb{}\u00bb][\/el_masonry_gallery][et_pb_text _builder_version=\u00bb4.21.0&#8243; _module_preset=\u00bbdefault\u00bb text_text_color=\u00bb#FFFFFF\u00bb text_font_size=\u00bb18px\u00bb header_2_font=\u00bb|700||on|||||\u00bb header_2_text_color=\u00bb#FFFFFF\u00bb global_colors_info=\u00bb{}\u00bb]<\/p>\n<h2>Food Styling<\/h2>\n<p>DIEZ DE MEDINA FOTOGRAFIA, cuenta tambi\u00e9n con su propio servicio de cocina. se especializa tambi\u00e9n en desarrollar sus propias y exclusivas recetas para diversos clientes, empresas e Industrias de alimentos, para posteriormente realizar las producciones y sesiones fotogr\u00e1ficas en el estudio.<\/p>\n<p>Mi prioridad es tomar muy en cuenta la importancia de realizar una buena producci\u00f3n fotogr\u00e1fica, bas\u00e1ndome en los siguientes reglas:<br \/>Idea creativa, concepto fotogr\u00e1fico, producci\u00f3n, t\u00e9cnica de iluminaci\u00f3n, encuadre, tomas finales.<\/p>\n<p>El estudio cuenta con todo un set completo para producci\u00f3n de fotos de Alimentos y Productos, como ser vajilla completa, telas, fondos, tablas, porcelanatos, y todo lo referente a producci\u00f3n.<\/p>\n<p>[\/et_pb_text][et_pb_image src=\u00bbhttps:\/\/www.diezdemedinaphotography.com\/wp-content\/uploads\/2023\/05\/Trabajo-con-las-mejores-marcas.png\u00bb alt=\u00bbfotografia publicitaria\u00bb title_text=\u00bbTrabajo con las mejores marcas\u00bb align=\u00bbcenter\u00bb _builder_version=\u00bb4.21.0&#8243; _module_preset=\u00bbdefault\u00bb global_colors_info=\u00bb{}\u00bb][\/et_pb_image][et_pb_button button_url=\u00bbhttps:\/\/www.diezdemedinaphotography.com\/contacto\/\u00bb button_text=\u00bbcontactanos\u00bb button_alignment=\u00bbcenter\u00bb _builder_version=\u00bb4.20.4&#8243; _module_preset=\u00bbdefault\u00bb custom_button=\u00bbon\u00bb button_font=\u00bbTeko|700||on|||||\u00bb background_layout=\u00bbdark\u00bb locked=\u00bboff\u00bb global_colors_info=\u00bb{}\u00bb][\/et_pb_button][\/et_pb_column][\/et_pb_row][\/et_pb_section]<\/p>\n","protected":false},"excerpt":{"rendered":"<p>estudio y equiposDIEZ DE MEDINA FOTOGRAFIA, cuenta con dos estudios fotogr\u00e1ficos, uno en la ciudad de Cochabamba y otro en Santa Cruz. Ambos muy completos bien equipados en cuanto a luces de estudio, diversos accesorios de iluminaci\u00f3n para poder cumplir con las exigencias del mercado, estando siempre listo para poder cumplir y realizar excelentes fotograf\u00edas [&hellip;]<\/p>\n","protected":false},"author":1,"featured_media":0,"parent":0,"menu_order":0,"comment_status":"closed","ping_status":"closed","template":"","meta":{"_et_pb_use_builder":"on","_et_pb_old_content":"","_et_gb_content_width":"","footnotes":""},"class_list":["post-2371","page","type-page","status-publish","hentry"],"_links":{"self":[{"href":"https:\/\/www.diezdemedinaphotography.com\/en\/wp-json\/wp\/v2\/pages\/2371","targetHints":{"allow":["GET"]}}],"collection":[{"href":"https:\/\/www.diezdemedinaphotography.com\/en\/wp-json\/wp\/v2\/pages"}],"about":[{"href":"https:\/\/www.diezdemedinaphotography.com\/en\/wp-json\/wp\/v2\/types\/page"}],"author":[{"embeddable":true,"href":"https:\/\/www.diezdemedinaphotography.com\/en\/wp-json\/wp\/v2\/users\/1"}],"replies":[{"embeddable":true,"href":"https:\/\/www.diezdemedinaphotography.com\/en\/wp-json\/wp\/v2\/comments?post=2371"}],"version-history":[{"count":7,"href":"https:\/\/www.diezdemedinaphotography.com\/en\/wp-json\/wp\/v2\/pages\/2371\/revisions"}],"predecessor-version":[{"id":2844,"href":"https:\/\/www.diezdemedinaphotography.com\/en\/wp-json\/wp\/v2\/pages\/2371\/revisions\/2844"}],"wp:attachment":[{"href":"https:\/\/www.diezdemedinaphotography.com\/en\/wp-json\/wp\/v2\/media?parent=2371"}],"curies":[{"name":"wp","href":"https:\/\/api.w.org\/{rel}","templated":true}]}}