{"id":172,"date":"2023-04-20T10:22:14","date_gmt":"2023-04-20T14:22:14","guid":{"rendered":"https:\/\/www.diezdemedinaphotography.com\/?page_id=172"},"modified":"2023-05-03T15:02:28","modified_gmt":"2023-05-03T19:02:28","slug":"autos","status":"publish","type":"page","link":"https:\/\/www.diezdemedinaphotography.com\/en\/autos\/","title":{"rendered":"cars"},"content":{"rendered":"\n[et_pb_section fb_built=\u00bb1&#8243; _builder_version=\u00bb4.20.4&#8243; _module_preset=\u00bbdefault\u00bb background_color=\u00bbRGBA(10,10,10,0.94)\u00bb custom_padding=\u00bb100px||0px||false|false\u00bb locked=\u00bboff\u00bb global_colors_info=\u00bb{}\u00bb][et_pb_row _builder_version=\u00bb4.20.4&#8243; _module_preset=\u00bbdefault\u00bb global_colors_info=\u00bb{}\u00bb][et_pb_column type=\u00bb4_4&#8243; _builder_version=\u00bb4.20.4&#8243; _module_preset=\u00bbdefault\u00bb global_colors_info=\u00bb{}\u00bb][et_pb_text _builder_version=\u00bb4.20.4&#8243; _module_preset=\u00bbdefault\u00bb header_font=\u00bb|800||on|||||\u00bb header_text_align=\u00bbcenter\u00bb header_text_color=\u00bb#FFFFFF\u00bb global_colors_info=\u00bb{}\u00bb]<h1>fotograf\u00eda de autos<\/h1>[\/et_pb_text][et_pb_text _builder_version=\u00bb4.21.0&#8243; _module_preset=\u00bbdefault\u00bb text_font=\u00bb|300|||||||\u00bb text_text_color=\u00bb#FFFFFF\u00bb text_font_size=\u00bb18px\u00bb text_orientation=\u00bbcenter\u00bb global_colors_info=\u00bb{}\u00bb]<p>La fotograf\u00eda de veh\u00edculos es mas o menos lo que su nombre indica, pero tambi\u00e9n algo m\u00e1s. Existe un arte para capturar una seria de im\u00e1genes de coches que capten la atenci\u00f3n y encienda la imaginaci\u00f3n del espectador. El truco est\u00e1 en conseguir la combinaci\u00f3n justa para poder causar una impresi\u00f3n duradera. Hacerlo es un arte que dominan unos pocos.<\/p>[\/et_pb_text][\/et_pb_column][\/et_pb_row][et_pb_row _builder_version=\u00bb4.20.4&#8243; _module_preset=\u00bbdefault\u00bb width=\u00bb90%\u00bb max_width=\u00bb100%\u00bb global_colors_info=\u00bb{}\u00bb][et_pb_column type=\u00bb4_4&#8243; _builder_version=\u00bb4.20.4&#8243; _module_preset=\u00bbdefault\u00bb global_colors_info=\u00bb{}\u00bb][el_masonry_gallery image_ids=\u00bb2154,2155,2156,2157,2158,2159,2160,2161,2162,2163,2164,2165,2166,2167,2168,2169,2170,2171,2172,2173,2174,2176,2177,2178,2179,2180,2181,2182,2183,2184,2185,2186,2187,2188,2189,2190,2191,2192,2193,2194,2195,2196,2198,2199,2200,2201,2202,2203,2204,2205,2206,2207,2208,2209,2210,2211,2212,2213,2214,2215,2216,2217,2218,2219,2220,2222,2223,2224,2228&#8243; number_of_columns=\u00bb5&#8243; image_size=\u00bbfull\u00bb enable_lightbox=\u00bbon\u00bb show_pagination=\u00bbon\u00bb images_per_page=\u00bb20&#8243; show_prev_next=\u00bbon\u00bb next_text=\u00bbSiguiente\u00bb prev_text=\u00bbAtr\u00e1s\u00bb pagination_link_color=\u00bb#FFFFFF\u00bb active_pagination_link_background_color=\u00bb#0A0A0A\u00bb number_of_columns_tablet=\u00bb3&#8243; number_of_columns_phone=\u00bb2&#8243; number_of_columns_last_edited=\u00bbon|phone\u00bb _builder_version=\u00bb4.21.0&#8243; _module_preset=\u00bbdefault\u00bb pagination_link_font=\u00bbTeko|700|||||||\u00bb pagination_link_font_size=\u00bb20px\u00bb hover_enabled=\u00bb0&#8243; global_colors_info=\u00bb{}\u00bb sticky_enabled=\u00bb0&#8243;][\/el_masonry_gallery][et_pb_button button_url=\u00bbhttps:\/\/www.diezdemedinaphotography.com\/contacto\/\u00bb button_text=\u00bbcontactanos\u00bb button_alignment=\u00bbcenter\u00bb _builder_version=\u00bb4.20.4&#8243; _module_preset=\u00bbdefault\u00bb custom_button=\u00bbon\u00bb button_font=\u00bbTeko|700||on|||||\u00bb background_layout=\u00bbdark\u00bb locked=\u00bboff\u00bb global_colors_info=\u00bb{}\u00bb][\/et_pb_button][\/et_pb_column][\/et_pb_row][\/et_pb_section]\n","protected":false},"excerpt":{"rendered":"<p>fotograf\u00eda de autosLa fotograf\u00eda de veh\u00edculos es mas o menos lo que su nombre indica, pero tambi\u00e9n algo m\u00e1s. Existe un arte para capturar una seria de im\u00e1genes de coches que capten la atenci\u00f3n y encienda la imaginaci\u00f3n del espectador. El truco est\u00e1 en conseguir la combinaci\u00f3n justa para poder causar una impresi\u00f3n duradera. Hacerlo [&hellip;]<\/p>\n","protected":false},"author":1,"featured_media":0,"parent":0,"menu_order":0,"comment_status":"closed","ping_status":"closed","template":"","meta":{"_et_pb_use_builder":"on","_et_pb_old_content":"<!-- wp:divi\/placeholder \/-->","_et_gb_content_width":"","footnotes":""},"class_list":["post-172","page","type-page","status-publish","hentry"],"_links":{"self":[{"href":"https:\/\/www.diezdemedinaphotography.com\/en\/wp-json\/wp\/v2\/pages\/172","targetHints":{"allow":["GET"]}}],"collection":[{"href":"https:\/\/www.diezdemedinaphotography.com\/en\/wp-json\/wp\/v2\/pages"}],"about":[{"href":"https:\/\/www.diezdemedinaphotography.com\/en\/wp-json\/wp\/v2\/types\/page"}],"author":[{"embeddable":true,"href":"https:\/\/www.diezdemedinaphotography.com\/en\/wp-json\/wp\/v2\/users\/1"}],"replies":[{"embeddable":true,"href":"https:\/\/www.diezdemedinaphotography.com\/en\/wp-json\/wp\/v2\/comments?post=172"}],"version-history":[{"count":3,"href":"https:\/\/www.diezdemedinaphotography.com\/en\/wp-json\/wp\/v2\/pages\/172\/revisions"}],"predecessor-version":[{"id":2739,"href":"https:\/\/www.diezdemedinaphotography.com\/en\/wp-json\/wp\/v2\/pages\/172\/revisions\/2739"}],"wp:attachment":[{"href":"https:\/\/www.diezdemedinaphotography.com\/en\/wp-json\/wp\/v2\/media?parent=172"}],"curies":[{"name":"wp","href":"https:\/\/api.w.org\/{rel}","templated":true}]}}