{"id":162,"date":"2023-04-20T10:18:38","date_gmt":"2023-04-20T14:18:38","guid":{"rendered":"https:\/\/www.diezdemedinaphotography.com\/?page_id=162"},"modified":"2023-08-20T23:09:12","modified_gmt":"2023-08-21T03:09:12","slug":"tragos-y-bebidas","status":"publish","type":"page","link":"https:\/\/www.diezdemedinaphotography.com\/en\/tragos-y-bebidas\/","title":{"rendered":"drinks and beverages"},"content":{"rendered":"<p>[et_pb_section fb_built=\u00bb1&#8243; _builder_version=\u00bb4.20.4&#8243; _module_preset=\u00bbdefault\u00bb background_color=\u00bbRGBA(10,10,10,0.94)\u00bb custom_padding=\u00bb100px||0px||false|false\u00bb locked=\u00bboff\u00bb global_colors_info=\u00bb{}\u00bb][et_pb_row _builder_version=\u00bb4.20.4&#8243; _module_preset=\u00bbdefault\u00bb global_colors_info=\u00bb{}\u00bb][et_pb_column type=\u00bb4_4&#8243; _builder_version=\u00bb4.20.4&#8243; _module_preset=\u00bbdefault\u00bb global_colors_info=\u00bb{}\u00bb][et_pb_text _builder_version=\u00bb4.20.4&#8243; _module_preset=\u00bbdefault\u00bb header_font=\u00bb|800||on|||||\u00bb header_text_align=\u00bbcenter\u00bb header_text_color=\u00bb#FFFFFF\u00bb global_colors_info=\u00bb{}\u00bb]<\/p>\n<h1>fotograf\u00eda de tragos y bebidas<\/h1>\n<p>[\/et_pb_text][et_pb_text _builder_version=\u00bb4.20.4&#8243; _module_preset=\u00bbdefault\u00bb text_font=\u00bb|300|||||||\u00bb text_text_color=\u00bb#FFFFFF\u00bb text_font_size=\u00bb18px\u00bb text_orientation=\u00bbcenter\u00bb global_colors_info=\u00bb{}\u00bb]<\/p>\n<p><span>En la Fotograf\u00eda de Tragos y Bebidas es muy com\u00fan el uso de determinados efectos visuales, tales como el efecto de condensaci\u00f3n de agua en las superficies de los productos, las gotas hechas a base de una disoluci\u00f3n de agua y glicerina, falsos cubitos de hielo, escarcha, espuma, etc.El uso de la correcta t\u00e9cnica de iluminaci\u00f3n para cristales es muy importante para los reflejos, y brillos que se puedan controlar de manera adecuada. La composici\u00f3n de escenograf\u00eda y la cuidadosa selecci\u00f3n de elementos a utilizar en la composici\u00f3n fotogr\u00e1fica del Producto.<\/span><\/p>\n<p>[\/et_pb_text][\/et_pb_column][\/et_pb_row][et_pb_row _builder_version=\u00bb4.20.4&#8243; _module_preset=\u00bbdefault\u00bb width=\u00bb90%\u00bb max_width=\u00bb100%\u00bb global_colors_info=\u00bb{}\u00bb][et_pb_column type=\u00bb4_4&#8243; _builder_version=\u00bb4.20.4&#8243; _module_preset=\u00bbdefault\u00bb global_colors_info=\u00bb{}\u00bb][el_masonry_gallery image_ids=\u00bb1563,1564,1565,1566,1567,1568,1569,1570,1571,1572,1573,1574,1575,1576,1577,1578,1579,1580,1581,1582,1583,1584,1587,1588,1589,1590,1591,1593,1594,1595,1596,1597,1598,1599,1600,1601,1602,1603,1604,1605,1606,1607,1608,1609,1610,1611,1612,1613,1614,1615,1616,1617,1618,1619,1620,1621,1622,1623,1624,1625,1626,1627,1628,1629,1630,1631,1632,1633,1634,1635,1636,1637,1638,1639,1640,1641,1642,1643,1644,1645,1646,1647,1648,1650,1651,1652,1653,1654,1655,1656,1657,1658,1659,1660,1661,1662,1663,1664,1665,1666,1667,1668,1669,1670,1671,1672,1673,1674,1675,1676,1677,1678,1679,1680,1681,1682,1683,2682,2683,2684,2685,2860,2861,2862,2863,2864,2865,2866,2867,2868,2869,2870,2871,2872,2873,2874,2875,2876,2877,2878,2879,2880,2881,2882,2883,2884,2885,2886,2887,2888,2889&#8243; number_of_columns=\u00bb5&#8243; image_size=\u00bbfull\u00bb enable_lightbox=\u00bbon\u00bb show_pagination=\u00bbon\u00bb images_per_page=\u00bb20&#8243; show_prev_next=\u00bbon\u00bb next_text=\u00bbSiguiente\u00bb prev_text=\u00bbAtr\u00e1s\u00bb pagination_link_color=\u00bb#FFFFFF\u00bb active_pagination_link_background_color=\u00bb#0A0A0A\u00bb number_of_columns_tablet=\u00bb3&#8243; number_of_columns_phone=\u00bb2&#8243; number_of_columns_last_edited=\u00bbon|phone\u00bb _builder_version=\u00bb4.22.1&#8243; _module_preset=\u00bbdefault\u00bb pagination_link_font=\u00bbTeko|700|||||||\u00bb pagination_link_font_size=\u00bb20px\u00bb hover_enabled=\u00bb0&#8243; global_colors_info=\u00bb{}\u00bb sticky_enabled=\u00bb0&#8243;][\/el_masonry_gallery][et_pb_button button_url=\u00bbhttps:\/\/www.diezdemedinaphotography.com\/contacto\/\u00bb button_text=\u00bbcontactanos\u00bb button_alignment=\u00bbcenter\u00bb _builder_version=\u00bb4.20.4&#8243; _module_preset=\u00bbdefault\u00bb custom_button=\u00bbon\u00bb button_font=\u00bbTeko|700||on|||||\u00bb background_layout=\u00bbdark\u00bb locked=\u00bboff\u00bb global_colors_info=\u00bb{}\u00bb][\/et_pb_button][\/et_pb_column][\/et_pb_row][\/et_pb_section]<\/p>\n","protected":false},"excerpt":{"rendered":"<p>fotograf\u00eda de tragos y bebidasEn la Fotograf\u00eda de Tragos y Bebidas es muy com\u00fan el uso de determinados efectos visuales, tales como el efecto de condensaci\u00f3n de agua en las superficies de los productos, las gotas hechas a base de una disoluci\u00f3n de agua y glicerina, falsos cubitos de hielo, escarcha, espuma, etc.El uso de [&hellip;]<\/p>\n","protected":false},"author":1,"featured_media":0,"parent":0,"menu_order":0,"comment_status":"closed","ping_status":"closed","template":"","meta":{"_et_pb_use_builder":"on","_et_pb_old_content":"<!-- wp:divi\/placeholder \/-->","_et_gb_content_width":"","footnotes":""},"class_list":["post-162","page","type-page","status-publish","hentry"],"_links":{"self":[{"href":"https:\/\/www.diezdemedinaphotography.com\/en\/wp-json\/wp\/v2\/pages\/162","targetHints":{"allow":["GET"]}}],"collection":[{"href":"https:\/\/www.diezdemedinaphotography.com\/en\/wp-json\/wp\/v2\/pages"}],"about":[{"href":"https:\/\/www.diezdemedinaphotography.com\/en\/wp-json\/wp\/v2\/types\/page"}],"author":[{"embeddable":true,"href":"https:\/\/www.diezdemedinaphotography.com\/en\/wp-json\/wp\/v2\/users\/1"}],"replies":[{"embeddable":true,"href":"https:\/\/www.diezdemedinaphotography.com\/en\/wp-json\/wp\/v2\/comments?post=162"}],"version-history":[{"count":4,"href":"https:\/\/www.diezdemedinaphotography.com\/en\/wp-json\/wp\/v2\/pages\/162\/revisions"}],"predecessor-version":[{"id":2890,"href":"https:\/\/www.diezdemedinaphotography.com\/en\/wp-json\/wp\/v2\/pages\/162\/revisions\/2890"}],"wp:attachment":[{"href":"https:\/\/www.diezdemedinaphotography.com\/en\/wp-json\/wp\/v2\/media?parent=162"}],"curies":[{"name":"wp","href":"https:\/\/api.w.org\/{rel}","templated":true}]}}